{"id":10683,"date":"2021-04-08T18:15:54","date_gmt":"2021-04-08T16:15:54","guid":{"rendered":"https:\/\/www.booking.ruvioli.com\/?page_id=10683"},"modified":"2026-04-26T16:28:06","modified_gmt":"2026-04-26T14:28:06","slug":"ruvioli-rent-a-car","status":"publish","type":"page","link":"https:\/\/www.booking.ruvioli.com\/de\/","title":{"rendered":"Ruvioli Rent a Car"},"content":{"rendered":"<p>&nbsp;<\/p>\n<p><span style=\"color: #ff0000;\"><strong>Achtung!<\/strong><\/span> Um die Reservierungen wirksam zu machen, m\u00fcssen alle Anfragen von unseren B\u00fcros best\u00e4tigt werden.<br \/>\nIm Falle einer Standard Versicherung ist die Kaution als Garantie, die auch *<strong>Franchise<\/strong> (Selbstbehalt)\u201c genannt wird, 600,&#8211; Euro oder 150,&#8211; Euro im Falle einer zus\u00e4tzlichen Super-Kasko Versicherung. Bei Bezahlung des Garantiebetrages vor Ort wird eine Kredit- oder Debit-Karte oder eine Prepaid-Karte verlangt und wird bei R\u00fcckgabe des Autos, au\u00dfer im Falle von Sch\u00e4den, zur\u00fcckerstattet.\u00a0F\u00fcr andere Zahlungsarten, \u00c4nderungen Ihrer Reservierungen oder sonstiges, bitten wir Sie, sich mit uns in Verbindung zu setzen, schriftlich unter <strong>nfo@ruvioli.com<\/strong> oder m\u00fcndlich unter der Nummer <strong>+39 070 240323<\/strong>.<br \/>\n<strong>*F\u00fcr weitere Informationen besuche <a title=\"Terms &amp; Conditions\" href=\"https:\/\/www.ruvioli.com\/de\/terms-and-conditions\/\" target=\"_blank\" rel=\"noopener\">Bedingungen<\/a> und <a title=\"FAQ \u2013 H\u00e4ufig gestellte Fragen\" href=\"https:\/\/www.ruvioli.com\/de\/faq\/\" target=\"_blank\" rel=\"noopener\">oft gestellte Fragen<\/a>.<\/strong><\/p>\n","protected":false},"excerpt":{"rendered":"<p>&nbsp; Achtung! Um die Reservierungen wirksam zu machen, m\u00fcssen alle Anfragen von unseren B\u00fcros best\u00e4tigt werden. Im Falle einer Standard Versicherung ist die Kaution als Garantie, die auch *Franchise (Selbstbehalt)\u201c genannt wird, 600,&#8211; Euro oder 150,&#8211; Euro im Falle einer zus\u00e4tzlichen Super-Kasko Versicherung. Bei Bezahlung des Garantiebetrages vor Ort wird eine Kredit- oder Debit-Karte oder [&hellip;]<\/p>\n","protected":false},"author":1,"featured_media":0,"parent":0,"menu_order":82,"comment_status":"closed","ping_status":"closed","template":"page-booking.php","meta":{"_acf_changed":false,"footnotes":""},"class_list":["post-10683","page","type-page","status-publish","hentry"],"acf":[],"aioseo_notices":[],"_links":{"self":[{"href":"https:\/\/www.booking.ruvioli.com\/de\/wp-json\/wp\/v2\/pages\/10683","targetHints":{"allow":["GET"]}}],"collection":[{"href":"https:\/\/www.booking.ruvioli.com\/de\/wp-json\/wp\/v2\/pages"}],"about":[{"href":"https:\/\/www.booking.ruvioli.com\/de\/wp-json\/wp\/v2\/types\/page"}],"author":[{"embeddable":true,"href":"https:\/\/www.booking.ruvioli.com\/de\/wp-json\/wp\/v2\/users\/1"}],"replies":[{"embeddable":true,"href":"https:\/\/www.booking.ruvioli.com\/de\/wp-json\/wp\/v2\/comments?post=10683"}],"version-history":[{"count":0,"href":"https:\/\/www.booking.ruvioli.com\/de\/wp-json\/wp\/v2\/pages\/10683\/revisions"}],"wp:attachment":[{"href":"https:\/\/www.booking.ruvioli.com\/de\/wp-json\/wp\/v2\/media?parent=10683"}],"curies":[{"name":"wp","href":"https:\/\/api.w.org\/{rel}","templated":true}]}}