{"id":10681,"date":"2021-04-08T18:15:39","date_gmt":"2021-04-08T16:15:39","guid":{"rendered":"https:\/\/www.booking.ruvioli.com\/?page_id=10681"},"modified":"2026-04-26T16:27:19","modified_gmt":"2026-04-26T14:27:19","slug":"ruvioli-rent-a-car","status":"publish","type":"page","link":"https:\/\/www.booking.ruvioli.com\/es\/","title":{"rendered":"Ruvioli Rent a Car"},"content":{"rendered":"<p>&nbsp;<\/p>\n<p><span style=\"color: #ff0000;\"><strong>\u00a1Atenci\u00f3n!<\/strong><\/span> Todas las solicitudes deben ser confirmadas por nuestras oficinas para que las reservas sean efectivas.<br \/>\nEl dep\u00f3sito de garant\u00eda, tambi\u00e9n llamado *<strong> franquicia<\/strong>, es de 600 euros en el caso de la cobertura de seguro est\u00e1ndar o de 150 euros en el caso de seguro complementario Super Kasko. Es siempre necesaria una tarjeta de cr\u00e9dito, d\u00e9bito o prepago para el pago in situ del dep\u00f3sito de garant\u00eda, que ser\u00e1 devuelto al momento de la entrega del veh\u00edculo salvo da\u00f1os al mismo. Para otras formas de pago, cambios en tu reserva o cualquier otra cosa, cont\u00e1ctanos escribiendo a <strong>info@ruvioli.com<\/strong> o llamando al +<strong>39 070 240323.<\/strong><br \/>\n<strong>* Para m\u00e1s informaci\u00f3n, consulta los <a title=\"Terms &amp; Conditions\" href=\"https:\/\/www.ruvioli.com\/es\/terms-and-conditions\/\" target=\"_blank\" rel=\"noopener\">T\u00e9rminos y Condiciones<\/a><\/strong> y las <strong><a title=\"FAQ \u2013 Preguntas Frecuentes\" href=\"https:\/\/www.ruvioli.com\/es\/faq\/\" target=\"_blank\" rel=\"noopener\">Preguntas Frecuentes<\/a><\/strong>.<\/p>\n","protected":false},"excerpt":{"rendered":"<p>&nbsp; \u00a1Atenci\u00f3n! Todas las solicitudes deben ser confirmadas por nuestras oficinas para que las reservas sean efectivas. El dep\u00f3sito de garant\u00eda, tambi\u00e9n llamado * franquicia, es de 600 euros en el caso de la cobertura de seguro est\u00e1ndar o de 150 euros en el caso de seguro complementario Super Kasko. Es siempre necesaria una tarjeta [&hellip;]<\/p>\n","protected":false},"author":1,"featured_media":0,"parent":0,"menu_order":82,"comment_status":"closed","ping_status":"closed","template":"page-booking.php","meta":{"_acf_changed":false,"footnotes":""},"class_list":["post-10681","page","type-page","status-publish","hentry"],"acf":[],"aioseo_notices":[],"_links":{"self":[{"href":"https:\/\/www.booking.ruvioli.com\/es\/wp-json\/wp\/v2\/pages\/10681","targetHints":{"allow":["GET"]}}],"collection":[{"href":"https:\/\/www.booking.ruvioli.com\/es\/wp-json\/wp\/v2\/pages"}],"about":[{"href":"https:\/\/www.booking.ruvioli.com\/es\/wp-json\/wp\/v2\/types\/page"}],"author":[{"embeddable":true,"href":"https:\/\/www.booking.ruvioli.com\/es\/wp-json\/wp\/v2\/users\/1"}],"replies":[{"embeddable":true,"href":"https:\/\/www.booking.ruvioli.com\/es\/wp-json\/wp\/v2\/comments?post=10681"}],"version-history":[{"count":0,"href":"https:\/\/www.booking.ruvioli.com\/es\/wp-json\/wp\/v2\/pages\/10681\/revisions"}],"wp:attachment":[{"href":"https:\/\/www.booking.ruvioli.com\/es\/wp-json\/wp\/v2\/media?parent=10681"}],"curies":[{"name":"wp","href":"https:\/\/api.w.org\/{rel}","templated":true}]}}