{"id":10677,"date":"2021-04-08T18:15:03","date_gmt":"2021-04-08T16:15:03","guid":{"rendered":"https:\/\/www.booking.ruvioli.com\/?page_id=10677"},"modified":"2026-04-25T14:20:31","modified_gmt":"2026-04-25T12:20:31","slug":"ruvioli-rent-a-car","status":"publish","type":"page","link":"https:\/\/www.booking.ruvioli.com\/fr\/","title":{"rendered":"Ruvioli Rent a Car"},"content":{"rendered":"<p>&nbsp;<\/p>\n<p><span style=\"color: #ff0000;\"><strong>Attention!<\/strong><\/span> Toutes les demandes doivent \u00eatre confirm\u00e9es par nos bureaux pour que les r\u00e9servations soient effectives.<br \/>\nLe d\u00e9p\u00f4t de garantie, \u00e9galement appel\u00e9 * <strong>franchise<\/strong>, est de 600 euros dans le cas d&rsquo;une couverture d&rsquo;assurance standard ou de 150 euros dans le cas d&rsquo;une assurance compl\u00e9mentaire Super Kasko. Une carte de cr\u00e9dit, de d\u00e9bit ou pr\u00e9pay\u00e9e est toujours requise pour le r\u00e8glement sur place du d\u00e9p\u00f4t de garantie qui sera restitu\u00e9 \u00e0 la livraison du v\u00e9hicule sauf s&rsquo;il est endommag\u00e9. Pour d&rsquo;autres modes de paiement, pour des modifications de votre r\u00e9servation ou autre, veuillez nous contacter en \u00e9crivant \u00e0 <strong>info@ruvioli.com<\/strong> ou en appelant le <strong>+39 070 240323<\/strong>.<br \/>\n* Pour plus d&rsquo;informations, veuillez consulter les <strong><a title=\"Terms &amp; Conditions\" href=\"https:\/\/www.ruvioli.com\/fr\/terms-and-conditions\/\" target=\"_blank\" rel=\"noopener\">Conditions G\u00e9n\u00e9rales<\/a><\/strong> et la <strong><a title=\"FAQ \u2013 Questions Fr\u00e9quemment Pos\u00e9es\" href=\"https:\/\/www.ruvioli.com\/fr\/faq\/\" target=\"_blank\" rel=\"noopener\">Questions Fr\u00e9quentes<\/a><\/strong>.<\/p>\n","protected":false},"excerpt":{"rendered":"<p>&nbsp; Attention! Toutes les demandes doivent \u00eatre confirm\u00e9es par nos bureaux pour que les r\u00e9servations soient effectives. Le d\u00e9p\u00f4t de garantie, \u00e9galement appel\u00e9 * franchise, est de 600 euros dans le cas d&rsquo;une couverture d&rsquo;assurance standard ou de 150 euros dans le cas d&rsquo;une assurance compl\u00e9mentaire Super Kasko. Une carte de cr\u00e9dit, de d\u00e9bit ou [&hellip;]<\/p>\n","protected":false},"author":1,"featured_media":0,"parent":0,"menu_order":82,"comment_status":"closed","ping_status":"closed","template":"page-booking.php","meta":{"_acf_changed":false,"footnotes":""},"class_list":["post-10677","page","type-page","status-publish","hentry"],"acf":[],"aioseo_notices":[],"_links":{"self":[{"href":"https:\/\/www.booking.ruvioli.com\/fr\/wp-json\/wp\/v2\/pages\/10677","targetHints":{"allow":["GET"]}}],"collection":[{"href":"https:\/\/www.booking.ruvioli.com\/fr\/wp-json\/wp\/v2\/pages"}],"about":[{"href":"https:\/\/www.booking.ruvioli.com\/fr\/wp-json\/wp\/v2\/types\/page"}],"author":[{"embeddable":true,"href":"https:\/\/www.booking.ruvioli.com\/fr\/wp-json\/wp\/v2\/users\/1"}],"replies":[{"embeddable":true,"href":"https:\/\/www.booking.ruvioli.com\/fr\/wp-json\/wp\/v2\/comments?post=10677"}],"version-history":[{"count":0,"href":"https:\/\/www.booking.ruvioli.com\/fr\/wp-json\/wp\/v2\/pages\/10677\/revisions"}],"wp:attachment":[{"href":"https:\/\/www.booking.ruvioli.com\/fr\/wp-json\/wp\/v2\/media?parent=10677"}],"curies":[{"name":"wp","href":"https:\/\/api.w.org\/{rel}","templated":true}]}}